{"id":18571,"date":"2023-08-11T06:42:51","date_gmt":"2023-08-11T06:42:51","guid":{"rendered":"https:\/\/oltonmarketing.com\/payment\/"},"modified":"2025-12-22T13:36:41","modified_gmt":"2025-12-22T13:36:41","slug":"payment","status":"publish","type":"page","link":"https:\/\/oltonmarketing.com\/fr\/payment\/","title":{"rendered":"Paiement"},"content":{"rendered":"\t\t<div data-elementor-type=\"wp-page\" data-elementor-id=\"18571\" class=\"elementor elementor-18571 elementor-12395\" data-elementor-post-type=\"page\">\n\t\t\t\t\t\t<section class=\"has_eae_slider elementor-section elementor-top-section elementor-element elementor-element-06eed35 elementor-section-boxed elementor-section-height-default elementor-section-height-default\" data-eae-slider=\"81477\" data-id=\"06eed35\" data-element_type=\"section\">\n\t\t\t\t\t\t<div class=\"elementor-container elementor-column-gap-default\">\n\t\t\t\t\t<div class=\"has_eae_slider elementor-column elementor-col-100 elementor-top-column elementor-element elementor-element-3a9dfa4\" data-eae-slider=\"87651\" data-id=\"3a9dfa4\" data-element_type=\"column\">\n\t\t\t<div class=\"elementor-widget-wrap elementor-element-populated\">\n\t\t\t\t\t\t<div class=\"elementor-element elementor-element-df4c271 elementor-widget elementor-widget-heading\" data-id=\"df4c271\" data-element_type=\"widget\" data-widget_type=\"heading.default\">\n\t\t\t\t<div class=\"elementor-widget-container\">\n\t\t\t\t\t<h3 class=\"elementor-heading-title elementor-size-default\">PAIEMENT<\/h3>\t\t\t\t<\/div>\n\t\t\t\t<\/div>\n\t\t\t\t<div class=\"elementor-element elementor-element-3bad649 elementor-widget elementor-widget-image\" data-id=\"3bad649\" data-element_type=\"widget\" data-widget_type=\"image.default\">\n\t\t\t\t<div class=\"elementor-widget-container\">\n\t\t\t\t\t\t\t\t\t\t\t\t\t\t\t<img decoding=\"async\" width=\"66\" height=\"13\" data-src=\"https:\/\/oltonmarketing.com\/wp-content\/smush-webp\/2023\/06\/about-zigzag-20.png.webp\" class=\"attachment-large size-large wp-image-14840 lazyload\" alt=\"\" src=\"data:image\/svg+xml;base64,PHN2ZyB3aWR0aD0iMSIgaGVpZ2h0PSIxIiB4bWxucz0iaHR0cDovL3d3dy53My5vcmcvMjAwMC9zdmciPjwvc3ZnPg==\" style=\"--smush-placeholder-width: 66px; --smush-placeholder-aspect-ratio: 66\/13;\" data-smush-webp-fallback=\"{&quot;data-src&quot;:&quot;https:\\\/\\\/oltonmarketing.com\\\/wp-content\\\/uploads\\\/2023\\\/06\\\/about-zigzag-20.png&quot;}\" \/>\t\t\t\t\t\t\t\t\t\t\t\t\t\t\t<\/div>\n\t\t\t\t<\/div>\n\t\t\t\t\t<\/div>\n\t\t<\/div>\n\t\t\t\t\t<\/div>\n\t\t<\/section>\n\t\t\t\t<section class=\"has_eae_slider elementor-section elementor-top-section elementor-element elementor-element-9013473 elementor-section-boxed elementor-section-height-default elementor-section-height-default\" data-eae-slider=\"44232\" data-id=\"9013473\" data-element_type=\"section\">\n\t\t\t\t\t\t<div class=\"elementor-container elementor-column-gap-default\">\n\t\t\t\t\t<div class=\"has_eae_slider elementor-column elementor-col-50 elementor-top-column elementor-element elementor-element-7b19546\" data-eae-slider=\"12833\" data-id=\"7b19546\" data-element_type=\"column\">\n\t\t\t<div class=\"elementor-widget-wrap elementor-element-populated\">\n\t\t\t\t\t\t<div class=\"elementor-element elementor-element-c4c9cf3 elementor-widget elementor-widget-text-editor\" data-id=\"c4c9cf3\" data-element_type=\"widget\" data-widget_type=\"text-editor.default\">\n\t\t\t\t<div class=\"elementor-widget-container\">\n\t\t\t\t\t\t\t\t\t<p>Nous vous remercions d&rsquo;avoir choisi Olton Marketing &amp; Communication Inc.<\/p><p>Si vous avez re\u00e7u une facture de notre part et souhaitez effectuer votre paiement, un lien de paiement est mis \u00e0 votre disposition.<\/p><p><strong style=\"color: red;\">Veuillez noter que ce bouton de paiement n&rsquo;est pas li\u00e9 \u00e0 notre boutique en ligne et ne doit \u00eatre utilis\u00e9 que pour les factures adress\u00e9es \u00e0 votre entreprise.<\/strong><\/p><p>Pour effectuer votre paiement, vous pouvez scanner le code QR ou cliquer directement sur le bouton \u00ab\u00a0Payer maintenant\u00a0\u00bb.<\/p><p>Merci de votre paiement.<\/p>\t\t\t\t\t\t\t\t<\/div>\n\t\t\t\t<\/div>\n\t\t\t\t\t<\/div>\n\t\t<\/div>\n\t\t\t\t<div class=\"has_eae_slider elementor-column elementor-col-50 elementor-top-column elementor-element elementor-element-1ae2cde\" data-eae-slider=\"1365\" data-id=\"1ae2cde\" data-element_type=\"column\">\n\t\t\t<div class=\"elementor-widget-wrap elementor-element-populated\">\n\t\t\t\t\t\t<div class=\"elementor-element elementor-element-a891bd3 elementor-widget elementor-widget-image\" data-id=\"a891bd3\" data-element_type=\"widget\" data-widget_type=\"image.default\">\n\t\t\t\t<div class=\"elementor-widget-container\">\n\t\t\t\t\t\t\t\t\t\t\t\t\t\t\t<img fetchpriority=\"high\" decoding=\"async\" width=\"250\" height=\"300\" src=\"https:\/\/oltonmarketing.com\/wp-content\/smush-webp\/2023\/08\/OMC-scan-to-pay-1-250x300-1.png.webp\" class=\"attachment-large size-large wp-image-15861\" alt=\"\" data-smush-webp-fallback=\"{&quot;src&quot;:&quot;https:\\\/\\\/oltonmarketing.com\\\/wp-content\\\/uploads\\\/2023\\\/08\\\/OMC-scan-to-pay-1-250x300-1.png&quot;}\" \/>\t\t\t\t\t\t\t\t\t\t\t\t\t\t\t<\/div>\n\t\t\t\t<\/div>\n\t\t\t\t<div class=\"elementor-element elementor-element-3c65229 elementor-widget elementor-widget-spacer\" data-id=\"3c65229\" data-element_type=\"widget\" data-widget_type=\"spacer.default\">\n\t\t\t\t<div class=\"elementor-widget-container\">\n\t\t\t\t\t\t\t<div class=\"elementor-spacer\">\n\t\t\t<div class=\"elementor-spacer-inner\"><\/div>\n\t\t<\/div>\n\t\t\t\t\t\t<\/div>\n\t\t\t\t<\/div>\n\t\t\t\t<div class=\"elementor-element elementor-element-e12e0c9 elementor-widget elementor-widget-text-editor\" data-id=\"e12e0c9\" data-element_type=\"widget\" data-widget_type=\"text-editor.default\">\n\t\t\t\t<div class=\"elementor-widget-container\">\n\t\t\t\t\t\t\t\t\t<p><strong>OU<\/strong><\/p>\t\t\t\t\t\t\t\t<\/div>\n\t\t\t\t<\/div>\n\t\t\t\t<div class=\"elementor-element elementor-element-1d9d78f elementor-align-center elementor-widget elementor-widget-button\" data-id=\"1d9d78f\" data-element_type=\"widget\" data-widget_type=\"button.default\">\n\t\t\t\t<div class=\"elementor-widget-container\">\n\t\t\t\t\t\t\t\t\t<div class=\"elementor-button-wrapper\">\n\t\t\t\t\t<a class=\"elementor-button elementor-button-link elementor-size-sm\" href=\"https:\/\/buy.stripe.com\/aEU8wH5MSbSscs85kk\" target=\"_blank\">\n\t\t\t\t\t\t<span class=\"elementor-button-content-wrapper\">\n\t\t\t\t\t\t\t\t\t<span class=\"elementor-button-text\">PAYEZ MAINTENANT<\/span>\n\t\t\t\t\t<\/span>\n\t\t\t\t\t<\/a>\n\t\t\t\t<\/div>\n\t\t\t\t\t\t\t\t<\/div>\n\t\t\t\t<\/div>\n\t\t\t\t<div class=\"elementor-element elementor-element-89cef1d elementor-widget elementor-widget-spacer\" data-id=\"89cef1d\" data-element_type=\"widget\" data-widget_type=\"spacer.default\">\n\t\t\t\t<div class=\"elementor-widget-container\">\n\t\t\t\t\t\t\t<div class=\"elementor-spacer\">\n\t\t\t<div class=\"elementor-spacer-inner\"><\/div>\n\t\t<\/div>\n\t\t\t\t\t\t<\/div>\n\t\t\t\t<\/div>\n\t\t\t\t\t<\/div>\n\t\t<\/div>\n\t\t\t\t\t<\/div>\n\t\t<\/section>\n\t\t\t\t<\/div>\n\t\t<div style=\"margin: 20px 0;\"><div class=\"qrcswholewtapper\" style=\"text-align:left;\"><div class=\"qrcprowrapper\"  id=\"qrcwraa2leds\"><div class=\"qrc_canvass\" id=\"qrc_cuttenpages_2\" style=\"display:inline-block\" data-text=\"https:\/\/oltonmarketing.com\/fr\/payment\/\"><\/div><div><a download=\"Paiement.png\" class=\"qrcdownloads\" id=\"worign\">\r\n           <button type=\"button\" style=\"min-width:200px;background:#dddddd;color:#000;font-weight: 600;border: 1px solid #dddddd;border-radius:4px;font-size:12px;padding: 6px 0;\" class=\"uqr_code_btn\">Download QR<\/button>\r\n           <\/a><\/div><\/div><\/div><\/div>","protected":false},"excerpt":{"rendered":"<p>PAIEMENT Nous vous remercions d&rsquo;avoir choisi Olton Marketing &amp; Communication Inc. Si vous avez re\u00e7u une facture de notre part et souhaitez effectuer votre paiement, un lien de paiement est mis \u00e0 votre disposition. Veuillez noter que ce bouton de paiement n&rsquo;est pas li\u00e9 \u00e0 notre boutique en ligne et ne doit \u00eatre utilis\u00e9 que [&hellip;]<\/p>\n","protected":false},"author":1,"featured_media":0,"parent":0,"menu_order":0,"comment_status":"closed","ping_status":"closed","template":"elementor_header_footer","meta":{"footnotes":""},"class_list":["post-18571","page","type-page","status-publish","hentry"],"_links":{"self":[{"href":"https:\/\/oltonmarketing.com\/fr\/wp-json\/wp\/v2\/pages\/18571","targetHints":{"allow":["GET"]}}],"collection":[{"href":"https:\/\/oltonmarketing.com\/fr\/wp-json\/wp\/v2\/pages"}],"about":[{"href":"https:\/\/oltonmarketing.com\/fr\/wp-json\/wp\/v2\/types\/page"}],"author":[{"embeddable":true,"href":"https:\/\/oltonmarketing.com\/fr\/wp-json\/wp\/v2\/users\/1"}],"replies":[{"embeddable":true,"href":"https:\/\/oltonmarketing.com\/fr\/wp-json\/wp\/v2\/comments?post=18571"}],"version-history":[{"count":7,"href":"https:\/\/oltonmarketing.com\/fr\/wp-json\/wp\/v2\/pages\/18571\/revisions"}],"predecessor-version":[{"id":18578,"href":"https:\/\/oltonmarketing.com\/fr\/wp-json\/wp\/v2\/pages\/18571\/revisions\/18578"}],"wp:attachment":[{"href":"https:\/\/oltonmarketing.com\/fr\/wp-json\/wp\/v2\/media?parent=18571"}],"curies":[{"name":"wp","href":"https:\/\/api.w.org\/{rel}","templated":true}]}}