{"id":18566,"date":"2025-12-15T12:13:16","date_gmt":"2025-12-15T12:13:16","guid":{"rendered":"https:\/\/oltonmarketing.com\/contact-us\/"},"modified":"2025-12-22T13:08:20","modified_gmt":"2025-12-22T13:08:20","slug":"contact-us","status":"publish","type":"page","link":"https:\/\/oltonmarketing.com\/fr\/contact-us\/","title":{"rendered":"Contact Us"},"content":{"rendered":"\t\t<div data-elementor-type=\"wp-page\" data-elementor-id=\"18566\" class=\"elementor elementor-18566 elementor-18261\" data-elementor-post-type=\"page\">\n\t\t\t\t\t\t<section class=\"has_eae_slider elementor-section elementor-top-section elementor-element elementor-element-1950a1b6 elementor-section-height-min-height elementor-section-content-middle elementor-section-boxed elementor-section-height-default elementor-section-items-middle\" data-eae-slider=\"57028\" data-id=\"1950a1b6\" data-element_type=\"section\" data-settings=\"{&quot;background_background&quot;:&quot;classic&quot;}\">\n\t\t\t\t\t\t<div class=\"elementor-container elementor-column-gap-default\">\n\t\t\t\t\t<div class=\"has_eae_slider elementor-column elementor-col-100 elementor-top-column elementor-element elementor-element-5e6fb5ba\" data-eae-slider=\"3162\" data-id=\"5e6fb5ba\" data-element_type=\"column\">\n\t\t\t<div class=\"elementor-widget-wrap\">\n\t\t\t\t\t\t\t<\/div>\n\t\t<\/div>\n\t\t\t\t\t<\/div>\n\t\t<\/section>\n\t\t\t\t<section class=\"has_eae_slider elementor-section elementor-top-section elementor-element elementor-element-4ec9821b elementor-section-boxed elementor-section-height-default elementor-section-height-default\" data-eae-slider=\"33158\" data-id=\"4ec9821b\" data-element_type=\"section\">\n\t\t\t\t\t\t<div class=\"elementor-container elementor-column-gap-default\">\n\t\t\t\t\t<div class=\"has_eae_slider elementor-column elementor-col-100 elementor-top-column elementor-element elementor-element-2fc9f948\" data-eae-slider=\"41673\" data-id=\"2fc9f948\" data-element_type=\"column\">\n\t\t\t<div class=\"elementor-widget-wrap elementor-element-populated\">\n\t\t\t\t\t\t<div class=\"elementor-element elementor-element-287698b4 elementor-widget elementor-widget-heading\" data-id=\"287698b4\" data-element_type=\"widget\" data-widget_type=\"heading.default\">\n\t\t\t\t<div class=\"elementor-widget-container\">\n\t\t\t\t\t<h2 class=\"elementor-heading-title elementor-size-default\">CONTACTEZ-NOUS<\/h2>\t\t\t\t<\/div>\n\t\t\t\t<\/div>\n\t\t\t\t<div class=\"elementor-element elementor-element-4017f6f3 elementor-widget elementor-widget-image\" data-id=\"4017f6f3\" data-element_type=\"widget\" data-widget_type=\"image.default\">\n\t\t\t\t<div class=\"elementor-widget-container\">\n\t\t\t\t\t\t\t\t\t\t\t\t\t\t\t<img decoding=\"async\" width=\"66\" height=\"13\" data-src=\"https:\/\/oltonmarketing.com\/wp-content\/smush-webp\/2025\/12\/about-zigzag-20.png.webp\" class=\"attachment-full size-full wp-image-18192 lazyload\" alt=\"\" data-srcset=\"https:\/\/oltonmarketing.com\/wp-content\/smush-webp\/2025\/12\/about-zigzag-20.png.webp 66w, https:\/\/oltonmarketing.com\/wp-content\/smush-webp\/2025\/12\/about-zigzag-20-18x4.png.webp 18w\" data-sizes=\"auto\" src=\"data:image\/svg+xml;base64,PHN2ZyB3aWR0aD0iMSIgaGVpZ2h0PSIxIiB4bWxucz0iaHR0cDovL3d3dy53My5vcmcvMjAwMC9zdmciPjwvc3ZnPg==\" style=\"--smush-placeholder-width: 66px; --smush-placeholder-aspect-ratio: 66\/13;\" data-original-sizes=\"(max-width: 66px) 100vw, 66px\" data-smush-webp-fallback=\"{&quot;data-src&quot;:&quot;https:\\\/\\\/oltonmarketing.com\\\/wp-content\\\/uploads\\\/2025\\\/12\\\/about-zigzag-20.png&quot;,&quot;data-srcset&quot;:&quot;https:\\\/\\\/oltonmarketing.com\\\/wp-content\\\/uploads\\\/2025\\\/12\\\/about-zigzag-20.png 66w, https:\\\/\\\/oltonmarketing.com\\\/wp-content\\\/uploads\\\/2025\\\/12\\\/about-zigzag-20-18x4.png 18w&quot;}\" \/>\t\t\t\t\t\t\t\t\t\t\t\t\t\t\t<\/div>\n\t\t\t\t<\/div>\n\t\t\t\t<div class=\"elementor-element elementor-element-718aa8f7 elementor-widget elementor-widget-text-editor\" data-id=\"718aa8f7\" data-element_type=\"widget\" data-widget_type=\"text-editor.default\">\n\t\t\t\t<div class=\"elementor-widget-container\">\n\t\t\t\t\t\t\t\t\t<p>Comment pouvons-nous vous aider?<\/p>\t\t\t\t\t\t\t\t<\/div>\n\t\t\t\t<\/div>\n\t\t\t\t<section class=\"has_eae_slider elementor-section elementor-inner-section elementor-element elementor-element-2b958dae elementor-section-boxed elementor-section-height-default elementor-section-height-default\" data-eae-slider=\"48035\" data-id=\"2b958dae\" data-element_type=\"section\">\n\t\t\t\t\t\t<div class=\"elementor-container elementor-column-gap-default\">\n\t\t\t\t\t<div class=\"has_eae_slider elementor-column elementor-col-50 elementor-inner-column elementor-element elementor-element-6d2cb74\" data-eae-slider=\"86016\" data-id=\"6d2cb74\" data-element_type=\"column\">\n\t\t\t<div class=\"elementor-widget-wrap elementor-element-populated\">\n\t\t\t\t\t\t<div class=\"elementor-element elementor-element-26ee368 bdt-forminator-forms-label-hide--yes bdt-forminator-forms-button-custom elementor-widget elementor-widget-bdt-forminator-forms\" data-id=\"26ee368\" data-element_type=\"widget\" data-widget_type=\"bdt-forminator-forms.default\">\n\t\t\t\t<div class=\"elementor-widget-container\">\n\t\t\t\t\t\n\t\t<div class=\"bdt-forminator-forms\" id=\"bdt-forminator-forms-26ee368\">\n\n\t\t\t<div class=\"forminator-ui forminator-custom-form forminator-custom-form-18565 forminator-design--default  forminator_ajax\" data-forminator-render=\"0\" data-form=\"forminator-module-18565\" data-uid=\"69d7fce6e9acc\"><br\/><\/div><form\r\n\t\t\t\tid=\"forminator-module-18565\"\r\n\t\t\t\tclass=\"forminator-ui forminator-custom-form forminator-custom-form-18565 forminator-design--default  forminator_ajax\"\r\n\t\t\t\tmethod=\"post\"\r\n\t\t\t\tdata-forminator-render=\"0\"\r\n\t\t\t\tdata-form-id=\"18565\"\r\n\t\t\t\t data-color-option=\"theme\" data-design=\"default\" data-grid=\"open\" style=\"display: none;\"\r\n\t\t\t\tdata-uid=\"69d7fce6e9acc\"\r\n\t\t\t><div role=\"alert\" aria-live=\"polite\" class=\"forminator-response-message forminator-error\" aria-hidden=\"true\"><\/div><div class=\"forminator-row\"><div id=\"name-1\" class=\"forminator-field-name forminator-col forminator-col-6 \"><div class=\"forminator-field\"><label for=\"forminator-field-name-1_69d7fce6e9acc\" id=\"forminator-field-name-1_69d7fce6e9acc-label\" class=\"forminator-label\">Nom <span class=\"forminator-required\">*<\/span><\/label><input type=\"text\" name=\"name-1\" value=\"\" placeholder=\"Nom\" id=\"forminator-field-name-1_69d7fce6e9acc\" class=\"forminator-input forminator-name--field\" aria-required=\"true\" autocomplete=\"name\" \/><\/div><\/div><div id=\"phone-1\" class=\"forminator-field-phone forminator-col forminator-col-6 \"><div class=\"forminator-field\"><label for=\"forminator-field-phone-1_69d7fce6e9acc\" id=\"forminator-field-phone-1_69d7fce6e9acc-label\" class=\"forminator-label\">T\u00e9l\u00e9phone<\/label><input type=\"text\" name=\"phone-1\" value=\"\" placeholder=\"T\u00e9l\u00e9phone\" id=\"forminator-field-phone-1_69d7fce6e9acc\" class=\"forminator-input forminator-field--phone\" data-required=\"\" aria-required=\"false\" autocomplete=\"off\" \/><\/div><\/div><\/div><div class=\"forminator-row\"><div id=\"email-1\" class=\"forminator-field-email forminator-col forminator-col-6 \"><div class=\"forminator-field\"><label for=\"forminator-field-email-1_69d7fce6e9acc\" id=\"forminator-field-email-1_69d7fce6e9acc-label\" class=\"forminator-label\">Adresse courriel <span class=\"forminator-required\">*<\/span><\/label><input type=\"email\" name=\"email-1\" value=\"\" placeholder=\"Adresse courriel\" id=\"forminator-field-email-1_69d7fce6e9acc\" class=\"forminator-input forminator-email--field\" data-required=\"true\" aria-required=\"true\" autocomplete=\"email\" \/><\/div><\/div><div id=\"text-1\" class=\"forminator-field-text forminator-col forminator-col-6 \"><div class=\"forminator-field\"><label for=\"forminator-field-text-1_69d7fce6e9acc\" id=\"forminator-field-text-1_69d7fce6e9acc-label\" class=\"forminator-label\">Adresse<\/label><input type=\"text\" name=\"text-1\" value=\"\" placeholder=\"Adresse\" id=\"forminator-field-text-1_69d7fce6e9acc\" class=\"forminator-input forminator-name--field\" data-required=\"\" \/><\/div><\/div><\/div><div class=\"forminator-row\"><div id=\"date-1\" class=\"forminator-field-date forminator-col forminator-col-6 \"><label for=\"forminator-field-date-1\" id=\"forminator-field-date-1-label\" class=\"forminator-label\">Date<\/label><div class=\"forminator-date-input\"><div class=\"forminator-row\" data-multiple=\"true\"><div id=\"date-1-day\" class=\"forminator-col\"><div class=\"forminator-field\"><label for=\"forminator-field-date-1-day_69d7fce6e9acc\" id=\"forminator-field-date-1-day_69d7fce6e9acc-label\" class=\"forminator-label\">Day<\/label><input type=\"number\" min=\"1\" max=\"31\" name=\"date-1-day\" value=\"\" placeholder=\"Day\" id=\"forminator-field-date-1-day_69d7fce6e9acc\" class=\"forminator-input\" data-field=\"day\" data-format=\"dd\/mm\/yy\" data-parent=\"date-1\" \/><\/div><\/div><div id=\"date-1-month\" class=\"forminator-col\"><div class=\"forminator-field\"><label for=\"forminator-field-date-1-month_69d7fce6e9acc\" id=\"forminator-field-date-1-month_69d7fce6e9acc-label\" class=\"forminator-label\">Month<\/label><input type=\"number\" min=\"1\" max=\"12\" name=\"date-1-month\" value=\"\" placeholder=\"Month\" id=\"forminator-field-date-1-month_69d7fce6e9acc\" class=\"forminator-input\" data-field=\"month\" data-format=\"dd\/mm\/yy\" data-parent=\"date-1\" \/><\/div><\/div><div id=\"date-1-year\" class=\"forminator-col\"><div class=\"forminator-field\"><label for=\"forminator-field-date-1-year_69d7fce6e9acc\" id=\"forminator-field-date-1-year_69d7fce6e9acc-label\" class=\"forminator-label\">Year<\/label><input type=\"number\" min=\"1\" name=\"date-1-year\" placeholder=\"Year\" id=\"forminator-field-date-1-year_69d7fce6e9acc\" class=\"forminator-input\" data-field=\"year\" value=\"\" data-format=\"dd\/mm\/yy\" data-parent=\"date-1\" \/><\/div><\/div><\/div><\/div><\/div><div id=\"time-1\" class=\"forminator-field-time forminator-col forminator-col-6 \"><label for=\"forminator-field-time-1\" id=\"forminator-field-time-1-label\" class=\"forminator-label\">Time<\/label><div class=\"forminator-timepicker\" ><div class=\"forminator-row\" data-multiple=\"true\"><div id=\"time-1-hours\" class=\"forminator-col forminator-col-6\"><div class=\"forminator-field\"><label for=\"forminator-field-time-1-hours_69d7fce6e9acc\" id=\"forminator-field-time-1-hours_69d7fce6e9acc-label\" class=\"forminator-label\">Hours<\/label><input type=\"number\" name=\"time-1-hours\" min=\"0\" max=\"23\" placeholder=\"Hours\" id=\"forminator-field-time-1-hours_69d7fce6e9acc\" class=\"forminator-input time-hours \" data-field=\"hours\" value=\"\" \/><\/div><\/div><div id=\"time-1-minutes\" class=\"forminator-col forminator-col-6\"><div class=\"forminator-field\"><label for=\"forminator-field-time-1-minutes_69d7fce6e9acc\" id=\"forminator-field-time-1-minutes_69d7fce6e9acc-label\" class=\"forminator-label\">Minutes<\/label><input type=\"number\" min=\"0\" max=\"59\" name=\"time-1-minutes\" placeholder=\"Minutes\" id=\"forminator-field-time-1-minutes_69d7fce6e9acc\" class=\"forminator-input time-minutes \" data-field=\"minutes\" value=\"\" \/><\/div><\/div><\/div><\/div><\/div><\/div><div class=\"forminator-row\"><div id=\"textarea-1\" class=\"forminator-field-textarea forminator-col forminator-col-12 \"><div class=\"forminator-field\"><label for=\"forminator-field-textarea-1_69d7fce6e9acc\" id=\"forminator-field-textarea-1_69d7fce6e9acc-label\" class=\"forminator-label\">Message<\/label><textarea name=\"textarea-1\" placeholder=\"Message\" id=\"forminator-field-textarea-1_69d7fce6e9acc\" class=\"forminator-textarea\" rows=\"6\" style=\"min-height:200px;\" ><\/textarea><\/div><\/div><\/div><input type=\"hidden\" name=\"referer_url\" value=\"\" \/><div class=\"forminator-row forminator-row-last\"><div class=\"forminator-col\"><div class=\"forminator-field\"><button class=\"forminator-button forminator-button-submit\">Prendre rendez-vous<\/button><\/div><\/div><\/div><input type=\"hidden\" id=\"forminator_nonce\" name=\"forminator_nonce\" value=\"3e8df7e890\" \/><input type=\"hidden\" name=\"_wp_http_referer\" value=\"\/fr\/wp-json\/wp\/v2\/pages\/18566\" \/><input type=\"hidden\" name=\"form_id\" value=\"18565\"><input type=\"hidden\" name=\"page_id\" value=\"18566\"><input type=\"hidden\" name=\"form_type\" value=\"default\"><input type=\"hidden\" name=\"current_url\" value=\"https:\/\/oltonmarketing.com\/fr\/contact-us\/\"><input type=\"hidden\" name=\"render_id\" value=\"0\"><input type=\"hidden\" name=\"action\" value=\"forminator_submit_form_custom-forms\"><\/form>\n\t\t<\/div>\n\n\t\t\t\t\t\t<\/div>\n\t\t\t\t<\/div>\n\t\t\t\t\t<\/div>\n\t\t<\/div>\n\t\t\t\t<div class=\"has_eae_slider elementor-column elementor-col-50 elementor-inner-column elementor-element elementor-element-27716ef4\" data-eae-slider=\"95904\" data-id=\"27716ef4\" data-element_type=\"column\">\n\t\t\t<div class=\"elementor-widget-wrap elementor-element-populated\">\n\t\t\t\t\t\t<div class=\"elementor-element elementor-element-62ea9e4b elementor-widget elementor-widget-heading\" data-id=\"62ea9e4b\" data-element_type=\"widget\" data-widget_type=\"heading.default\">\n\t\t\t\t<div class=\"elementor-widget-container\">\n\t\t\t\t\t<h2 class=\"elementor-heading-title elementor-size-default\">T\u00e9l\u00e9phone<\/h2>\t\t\t\t<\/div>\n\t\t\t\t<\/div>\n\t\t\t\t<div class=\"elementor-element elementor-element-6fc55bcc elementor-icon-list--layout-traditional elementor-list-item-link-full_width elementor-widget elementor-widget-icon-list\" data-id=\"6fc55bcc\" data-element_type=\"widget\" data-widget_type=\"icon-list.default\">\n\t\t\t\t<div class=\"elementor-widget-container\">\n\t\t\t\t\t\t\t<ul class=\"elementor-icon-list-items\">\n\t\t\t\t\t\t\t<li class=\"elementor-icon-list-item\">\n\t\t\t\t\t\t\t\t\t\t\t<span class=\"elementor-icon-list-icon\">\n\t\t\t\t\t\t\t<svg class=\"ekit-svg-icon icon-phone\" viewBox=\"0 0 32 32\" xmlns=\"http:\/\/www.w3.org\/2000\/svg\"><path d=\"M28.631 14.235c-1.665 0-4.684-0.6-5.625-1.541-0.577-0.577-0.714-1.301-0.824-1.883-0.136-0.717-0.217-0.93-0.532-1.065-1.444-0.62-3.514-0.976-5.681-0.976-2.144 0-4.193 0.35-5.619 0.959-0.311 0.133-0.391 0.345-0.523 1.061-0.108 0.584-0.243 1.31-0.82 1.887-0.525 0.525-1.624 0.886-2.454 1.096-1.069 0.271-2.214 0.426-3.141 0.426-1.062 0-1.78-0.202-2.196-0.617-0.626-0.626-1.025-1.481-1.095-2.348-0.059-0.73 0.081-1.812 1.088-2.819 1.635-1.635 3.834-2.91 6.537-3.789 2.486-0.809 5.315-1.236 8.183-1.236 2.887 0 5.74 0.433 8.25 1.251 2.728 0.89 4.948 2.178 6.599 3.828 1.68 1.68 1.264 3.909 0.020 5.154-0.412 0.412-1.12 0.612-2.167 0.612zM15.968 7.169c2.411 0 4.653 0.393 6.313 1.106 1.141 0.49 1.332 1.5 1.472 2.237 0.084 0.441 0.156 0.821 0.384 1.050 0.404 0.404 2.73 1.073 4.494 1.073 0.77 0 1.012-0.132 1.044-0.151 0.495-0.502 1.117-1.738-0.028-2.883-2.887-2.887-8.015-4.611-13.718-4.611-5.655 0-10.735 1.703-13.588 4.557-0.461 0.461-0.671 0.985-0.625 1.558 0.039 0.483 0.272 0.983 0.625 1.338 0.030 0.019 0.276 0.156 1.072 0.156 1.758 0 4.066-0.658 4.463-1.054 0.226-0.226 0.296-0.606 0.378-1.047 0.137-0.739 0.325-1.752 1.468-2.24 1.642-0.702 3.861-1.088 6.248-1.088zM26.4 28.8h-20.8c-1.073 0-2.064-0.422-2.789-1.189s-1.092-1.779-1.032-2.851c0.007-0.123 0.188-3.041 2.032-5.983 1.091-1.74 2.537-3.128 4.298-4.123 2.177-1.23 4.832-1.854 7.891-1.854s5.714 0.624 7.891 1.854c1.761 0.996 3.207 2.383 4.298 4.123 1.844 2.942 2.025 5.86 2.032 5.983 0.059 1.072-0.307 2.084-1.032 2.851s-1.716 1.189-2.789 1.189zM16 14.4c-4.987 0-8.621 1.74-10.799 5.173-1.648 2.596-1.823 5.251-1.825 5.278-0.035 0.627 0.177 1.217 0.597 1.661s0.998 0.688 1.627 0.688h20.8c0.629 0 1.207-0.244 1.627-0.688s0.632-1.034 0.597-1.662c-0.001-0.025-0.177-2.68-1.825-5.276-2.179-3.433-5.812-5.173-10.799-5.173zM16 25.6c-2.647 0-4.8-2.153-4.8-4.8s2.153-4.8 4.8-4.8 4.8 2.153 4.8 4.8-2.153 4.8-4.8 4.8zM16 17.6c-1.764 0-3.2 1.436-3.2 3.2s1.435 3.2 3.2 3.2c1.764 0 3.2-1.436 3.2-3.2s-1.436-3.2-3.2-3.2z\"><\/path><\/svg>\t\t\t\t\t\t<\/span>\n\t\t\t\t\t\t\t\t\t\t<span class=\"elementor-icon-list-text\">Bureau : 450-689-9292<\/span>\n\t\t\t\t\t\t\t\t\t<\/li>\n\t\t\t\t\t\t\t\t<li class=\"elementor-icon-list-item\">\n\t\t\t\t\t\t\t\t\t\t\t<span class=\"elementor-icon-list-icon\">\n\t\t\t\t\t\t\t<svg class=\"ekit-svg-icon icon-smartphone\" viewBox=\"0 0 32 32\" xmlns=\"http:\/\/www.w3.org\/2000\/svg\"><path d=\"M16.8 28.8h-1.6c-0.442 0-0.8-0.358-0.8-0.8s0.358-0.8 0.8-0.8h1.6c0.442 0 0.8 0.358 0.8 0.8s-0.358 0.8-0.8 0.8zM23.2 32h-14.4c-1.323 0-2.4-1.077-2.4-2.4v-27.2c0-1.323 1.077-2.4 2.4-2.4h14.4c1.323 0 2.4 1.077 2.4 2.4v27.2c0 1.323-1.077 2.4-2.4 2.4zM8.8 1.6c-0.441 0-0.8 0.359-0.8 0.8v27.2c0 0.441 0.359 0.8 0.8 0.8h14.4c0.441 0 0.8-0.359 0.8-0.8v-27.2c0-0.441-0.359-0.8-0.8-0.8h-14.4zM21.6 25.6h-11.2c-0.442 0-0.8-0.358-0.8-0.8v-20.8c0-0.442 0.358-0.8 0.8-0.8h11.2c0.442 0 0.8 0.358 0.8 0.8v20.8c0 0.442-0.358 0.8-0.8 0.8zM11.2 24h9.6v-19.2h-9.6v19.2z\"><\/path><\/svg>\t\t\t\t\t\t<\/span>\n\t\t\t\t\t\t\t\t\t\t<span class=\"elementor-icon-list-text\">Ligne directe : 514-817-5168<\/span>\n\t\t\t\t\t\t\t\t\t<\/li>\n\t\t\t\t\t\t\t\t<li class=\"elementor-icon-list-item\">\n\t\t\t\t\t\t\t\t\t\t\t<span class=\"elementor-icon-list-icon\">\n\t\t\t\t\t\t\t<svg class=\"ekit-svg-icon icon-phone-handset\" viewBox=\"0 0 32 32\" xmlns=\"http:\/\/www.w3.org\/2000\/svg\"><path d=\"M25.6 32c-2.834 0-5.849-0.803-8.96-2.387-2.869-1.46-5.703-3.552-8.196-6.048s-4.581-5.332-6.040-8.203c-1.581-3.113-2.383-6.128-2.383-8.962 0-1.837 1.711-3.611 2.447-4.288 1.058-0.974 2.722-2.111 3.931-2.111 0.601 0 1.306 0.393 2.219 1.238 0.681 0.63 1.446 1.485 2.213 2.471 0.462 0.594 2.768 3.633 2.768 5.091 0 1.196-1.352 2.027-2.782 2.906-0.553 0.34-1.125 0.691-1.538 1.023-0.441 0.354-0.52 0.54-0.533 0.582 1.519 3.785 6.161 8.427 9.944 9.943 0.034-0.011 0.221-0.084 0.581-0.534 0.331-0.414 0.683-0.985 1.023-1.538 0.88-1.431 1.71-2.782 2.906-2.782 1.458 0 4.497 2.306 5.091 2.768 0.986 0.767 1.841 1.532 2.471 2.213 0.845 0.912 1.238 1.617 1.238 2.218 0 1.209-1.137 2.879-2.11 3.941-0.678 0.739-2.453 2.459-4.29 2.459zM6.39 1.6c-0.429 0.008-1.582 0.533-2.837 1.688-1.191 1.097-1.931 2.289-1.931 3.112 0 10.766 13.222 24 23.978 24 0.821 0 2.013-0.744 3.11-1.941 1.156-1.261 1.681-2.419 1.69-2.849-0.052-0.304-0.893-1.486-3.195-3.259-1.979-1.524-3.584-2.34-3.997-2.351-0.029 0.009-0.208 0.077-0.571 0.538-0.316 0.401-0.654 0.951-0.98 1.482-0.896 1.458-1.743 2.836-2.973 2.836-0.198 0-0.394-0.038-0.581-0.113-4.199-1.68-9.166-6.646-10.846-10.846-0.202-0.504-0.234-1.294 0.758-2.193 0.528-0.478 1.258-0.927 1.964-1.361 0.531-0.327 1.081-0.664 1.482-0.98 0.461-0.363 0.53-0.542 0.538-0.571-0.011-0.413-0.827-2.018-2.351-3.997-1.772-2.302-2.955-3.143-3.259-3.195z\"><\/path><\/svg>\t\t\t\t\t\t<\/span>\n\t\t\t\t\t\t\t\t\t\t<span class=\"elementor-icon-list-text\">Num\u00e9ro sans frais : 1-877-689-9292<\/span>\n\t\t\t\t\t\t\t\t\t<\/li>\n\t\t\t\t\t\t\t\t<li class=\"elementor-icon-list-item\">\n\t\t\t\t\t\t\t\t\t\t\t<span class=\"elementor-icon-list-icon\">\n\t\t\t\t\t\t\t<svg class=\"ekit-svg-icon icon-whatsapp-2\" viewBox=\"0 0 32 32\" xmlns=\"http:\/\/www.w3.org\/2000\/svg\"><path d=\"M7.739 29.717c2.472 1.488 5.299 2.272 8.204 2.272 8.802 0 16.057-7.182 16.057-15.994 0-8.802-7.245-15.994-16.057-15.994-8.785 0-15.932 7.175-15.932 15.994 0 2.943 0.784 5.792 2.272 8.266l-2.283 7.74zM1.886 15.994c0-7.786 6.306-14.12 14.057-14.12 7.82 0 14.182 6.334 14.182 14.12s-6.362 14.12-14.182 14.12c-2.691 0-5.306-0.762-7.562-2.205l-0.36-0.23-5.249 1.549 1.549-5.25-0.23-0.36c-1.442-2.256-2.205-4.892-2.205-7.624z\"><\/path><path d=\"M7.789 13.047c0.31 1.626 1.229 4.753 3.904 7.428s5.802 3.595 7.428 3.904c1.862 0.355 4.594 0.408 5.929-0.927l0.744-0.744c0.376-0.376 0.583-0.875 0.583-1.407s-0.207-1.031-0.583-1.407l-2.977-2.977c-0.376-0.376-0.875-0.583-1.407-0.583s-1.031 0.207-1.407 0.583l-0.744 0.744c-0.455 0.455-1.313 0.457-1.771 0.006l-2.969-3.094c-0.004-0.005-0.009-0.009-0.013-0.014-0.455-0.455-0.455-1.196 0-1.652l0.744-0.744c0.778-0.778 0.778-2.036 0-2.814l-2.977-2.977c-0.776-0.776-2.038-0.776-2.814 0l-0.744 0.744c-1.066 1.066-1.421 3.338-0.927 5.93zM10.042 8.443c0.781-0.763 0.739-0.778 0.826-0.778 0.030 0 0.059 0.011 0.082 0.034 3.137 3.154 3.011 2.968 3.011 3.059 0 0.031-0.011 0.059-0.034 0.082l-0.744 0.744c-1.185 1.185-1.19 3.104-0.008 4.295l2.971 3.096c0.005 0.004 0.009 0.009 0.014 0.014 1.185 1.185 3.238 1.189 4.427 0l0.744-0.744c0.045-0.045 0.118-0.045 0.163 0 3.137 3.153 3.011 2.968 3.011 3.058 0 0.032-0.011 0.059-0.034 0.082l-0.744 0.744c-0.51 0.51-2.135 0.815-4.253 0.412-1.414-0.27-4.133-1.068-6.454-3.388s-3.119-5.040-3.388-6.454c-0.404-2.119-0.099-3.744 0.411-4.253z\"><\/path><\/svg>\t\t\t\t\t\t<\/span>\n\t\t\t\t\t\t\t\t\t\t<span class=\"elementor-icon-list-text\">WhatsApp : 514-817-5168<\/span>\n\t\t\t\t\t\t\t\t\t<\/li>\n\t\t\t\t\t\t<\/ul>\n\t\t\t\t\t\t<\/div>\n\t\t\t\t<\/div>\n\t\t\t\t<div class=\"elementor-element elementor-element-571400ca elementor-widget elementor-widget-spacer\" data-id=\"571400ca\" data-element_type=\"widget\" data-widget_type=\"spacer.default\">\n\t\t\t\t<div class=\"elementor-widget-container\">\n\t\t\t\t\t\t\t<div class=\"elementor-spacer\">\n\t\t\t<div class=\"elementor-spacer-inner\"><\/div>\n\t\t<\/div>\n\t\t\t\t\t\t<\/div>\n\t\t\t\t<\/div>\n\t\t\t\t<div class=\"elementor-element elementor-element-e8a1521 elementor-widget elementor-widget-heading\" data-id=\"e8a1521\" data-element_type=\"widget\" data-widget_type=\"heading.default\">\n\t\t\t\t<div class=\"elementor-widget-container\">\n\t\t\t\t\t<h2 class=\"elementor-heading-title elementor-size-default\">Courriel<\/h2>\t\t\t\t<\/div>\n\t\t\t\t<\/div>\n\t\t\t\t<div class=\"elementor-element elementor-element-7152d0ac elementor-widget elementor-widget-text-editor\" data-id=\"7152d0ac\" data-element_type=\"widget\" data-widget_type=\"text-editor.default\">\n\t\t\t\t<div class=\"elementor-widget-container\">\n\t\t\t\t\t\t\t\t\t<p><span style=\"color: #1c83c1;\"><a style=\"color: #1c83c1;\" href=\"mailto:graphics@oltonmarketing.com\">Cliquez ici pour envoyer un courriel directement \u00e0 l&rsquo;administrateur<\/a><\/span><\/p>\t\t\t\t\t\t\t\t<\/div>\n\t\t\t\t<\/div>\n\t\t\t\t\t<\/div>\n\t\t<\/div>\n\t\t\t\t\t<\/div>\n\t\t<\/section>\n\t\t\t\t<div class=\"elementor-element elementor-element-7c59b247 elementor-widget elementor-widget-spacer\" data-id=\"7c59b247\" data-element_type=\"widget\" data-widget_type=\"spacer.default\">\n\t\t\t\t<div class=\"elementor-widget-container\">\n\t\t\t\t\t\t\t<div class=\"elementor-spacer\">\n\t\t\t<div class=\"elementor-spacer-inner\"><\/div>\n\t\t<\/div>\n\t\t\t\t\t\t<\/div>\n\t\t\t\t<\/div>\n\t\t\t\t\t<\/div>\n\t\t<\/div>\n\t\t\t\t\t<\/div>\n\t\t<\/section>\n\t\t\t\t<\/div>\n\t\t","protected":false},"excerpt":{"rendered":"<p>CONTACTEZ-NOUS Comment pouvons-nous vous aider? T\u00e9l\u00e9phone Bureau : 450-689-9292 Ligne directe : 514-817-5168 Num\u00e9ro sans frais : 1-877-689-9292 WhatsApp : 514-817-5168 Courriel Cliquez ici pour envoyer un courriel directement \u00e0 l&rsquo;administrateur<\/p>\n","protected":false},"author":1,"featured_media":0,"parent":0,"menu_order":0,"comment_status":"closed","ping_status":"closed","template":"elementor_header_footer","meta":{"footnotes":""},"class_list":["post-18566","page","type-page","status-publish","hentry"],"_links":{"self":[{"href":"https:\/\/oltonmarketing.com\/fr\/wp-json\/wp\/v2\/pages\/18566","targetHints":{"allow":["GET"]}}],"collection":[{"href":"https:\/\/oltonmarketing.com\/fr\/wp-json\/wp\/v2\/pages"}],"about":[{"href":"https:\/\/oltonmarketing.com\/fr\/wp-json\/wp\/v2\/types\/page"}],"author":[{"embeddable":true,"href":"https:\/\/oltonmarketing.com\/fr\/wp-json\/wp\/v2\/users\/1"}],"replies":[{"embeddable":true,"href":"https:\/\/oltonmarketing.com\/fr\/wp-json\/wp\/v2\/comments?post=18566"}],"version-history":[{"count":3,"href":"https:\/\/oltonmarketing.com\/fr\/wp-json\/wp\/v2\/pages\/18566\/revisions"}],"predecessor-version":[{"id":18569,"href":"https:\/\/oltonmarketing.com\/fr\/wp-json\/wp\/v2\/pages\/18566\/revisions\/18569"}],"wp:attachment":[{"href":"https:\/\/oltonmarketing.com\/fr\/wp-json\/wp\/v2\/media?parent=18566"}],"curies":[{"name":"wp","href":"https:\/\/api.w.org\/{rel}","templated":true}]}}